{"id":3873,"date":"2025-12-09T09:38:19","date_gmt":"2025-12-09T09:38:19","guid":{"rendered":"https:\/\/anerodrigues.com\/pt\/?page_id=3873"},"modified":"2025-12-09T10:30:55","modified_gmt":"2025-12-09T10:30:55","slug":"politica-de-privacidade","status":"publish","type":"page","link":"https:\/\/anerodrigues.com\/pt\/politica-de-privacidade\/","title":{"rendered":"Pol\u00edtica de Privacidade"},"content":{"rendered":"\t\t<div data-elementor-type=\"wp-page\" data-elementor-id=\"3873\" class=\"elementor elementor-3873\" data-elementor-post-type=\"page\">\n\t\t\t\t<div class=\"elementor-element elementor-element-f0d3e25 e-con-full e-flex e-con e-parent\" data-id=\"f0d3e25\" data-element_type=\"container\" data-settings=\"{&quot;background_background&quot;:&quot;classic&quot;}\">\n\t\t\t\t<div class=\"elementor-element elementor-element-e17a309 elementor-widget-divider--view-line elementor-widget elementor-widget-divider\" data-id=\"e17a309\" data-element_type=\"widget\" data-widget_type=\"divider.default\">\n\t\t\t\t\t\t\t<div class=\"elementor-divider\">\n\t\t\t<span class=\"elementor-divider-separator\">\n\t\t\t\t\t\t<\/span>\n\t\t<\/div>\n\t\t\t\t\t\t<\/div>\n\t\t\t\t<\/div>\n\t\t<div class=\"elementor-element elementor-element-7710ec5b e-flex e-con-boxed e-con e-parent\" data-id=\"7710ec5b\" data-element_type=\"container\">\n\t\t\t\t\t<div class=\"e-con-inner\">\n\t\t\t\t<div class=\"elementor-element elementor-element-7004cac elementor-widget elementor-widget-text-editor\" data-id=\"7004cac\" data-element_type=\"widget\" data-widget_type=\"text-editor.default\">\n\t\t\t\t\t\t\t\t\t<p data-start=\"63\" data-end=\"416\"><strong data-start=\"63\" data-end=\"95\">Data de Vig\u00eancia: 01\/11\/2025<\/strong><br data-start=\"95\" data-end=\"98\" \/>Esta Pol\u00edtica de Privacidade descreve como Nelsiane Inacio Rodrigues, PA (&#8220;n\u00f3s&#8221;, &#8220;nosso&#8221;) coleta, usa, divulga e protege informa\u00e7\u00f5es pessoais quando voc\u00ea visita ou interage com nosso site <a class=\"decorated-link\" href=\"http:\/\/www.anerodrigues.com\" target=\"_new\" rel=\"noopener\" data-start=\"286\" data-end=\"306\">www.anerodrigues.com<\/a> (o &#8220;Site&#8221;). Ao acessar ou usar o Site, voc\u00ea concorda com as pr\u00e1ticas descritas nesta Pol\u00edtica de Privacidade.<\/p><h3 data-start=\"423\" data-end=\"440\">1. Quem Somos<\/h3><p data-start=\"441\" data-end=\"584\">Este Site \u00e9 de propriedade e operado por:<br data-start=\"482\" data-end=\"485\" \/><strong data-start=\"485\" data-end=\"518\">Nelsiane Inacio Rodrigues, PA<\/strong><br data-start=\"518\" data-end=\"521\" \/>7065 Wespointe Blvd #102<br data-start=\"545\" data-end=\"548\" \/>Orlando, FL 32835<br data-start=\"565\" data-end=\"568\" \/>Estados Unidos<\/p><p data-start=\"586\" data-end=\"658\">Operamos como profissionais licenciados de im\u00f3veis no Estado da Fl\u00f3rida.<\/p><h3 data-start=\"665\" data-end=\"697\">2. Informa\u00e7\u00f5es Que Coletamos<\/h3><p data-start=\"698\" data-end=\"761\">Podemos coletar informa\u00e7\u00f5es pessoais suas das seguintes formas:<\/p><p data-start=\"763\" data-end=\"802\"><strong data-start=\"763\" data-end=\"800\">2.1. Informa\u00e7\u00f5es que voc\u00ea fornece<\/strong><\/p><ul data-start=\"803\" data-end=\"1077\"><li data-start=\"803\" data-end=\"811\"><p data-start=\"805\" data-end=\"811\">Nome<\/p><\/li><li data-start=\"812\" data-end=\"834\"><p data-start=\"814\" data-end=\"834\">Endere\u00e7o de e-mail<\/p><\/li><li data-start=\"835\" data-end=\"857\"><p data-start=\"837\" data-end=\"857\">N\u00famero de telefone<\/p><\/li><li data-start=\"858\" data-end=\"890\"><p data-start=\"860\" data-end=\"890\">Prefer\u00eancias de propriedades<\/p><\/li><li data-start=\"891\" data-end=\"926\"><p data-start=\"893\" data-end=\"926\">Mensagens ou consultas enviadas<\/p><\/li><li data-start=\"927\" data-end=\"1033\"><p data-start=\"929\" data-end=\"1033\">Solicita\u00e7\u00f5es de consulta, visita, CMA, relat\u00f3rio de mercado, avalia\u00e7\u00e3o ou outros servi\u00e7os imobili\u00e1rios<\/p><\/li><li data-start=\"1034\" data-end=\"1077\"><p data-start=\"1036\" data-end=\"1077\">Prefer\u00eancias de marketing e comunica\u00e7\u00e3o<\/p><\/li><\/ul><p data-start=\"1079\" data-end=\"1127\"><strong data-start=\"1079\" data-end=\"1125\">2.2. Informa\u00e7\u00f5es coletadas automaticamente<\/strong><\/p><ul data-start=\"1128\" data-end=\"1381\"><li data-start=\"1128\" data-end=\"1143\"><p data-start=\"1130\" data-end=\"1143\">Endere\u00e7o IP<\/p><\/li><li data-start=\"1144\" data-end=\"1186\"><p data-start=\"1146\" data-end=\"1186\">Informa\u00e7\u00f5es do navegador e dispositivo<\/p><\/li><li data-start=\"1187\" data-end=\"1210\"><p data-start=\"1189\" data-end=\"1210\">Sistema operacional<\/p><\/li><li data-start=\"1211\" data-end=\"1242\"><p data-start=\"1213\" data-end=\"1242\">P\u00e1ginas de refer\u00eancia\/sa\u00edda<\/p><\/li><li data-start=\"1243\" data-end=\"1278\"><p data-start=\"1245\" data-end=\"1278\">P\u00e1ginas visitadas e tempo gasto<\/p><\/li><li data-start=\"1279\" data-end=\"1331\"><p data-start=\"1281\" data-end=\"1331\">Comportamento de cliques e caminhos de navega\u00e7\u00e3o<\/p><\/li><li data-start=\"1332\" data-end=\"1381\"><p data-start=\"1334\" data-end=\"1381\">Cookies, pixels, tags e tecnologias similares<\/p><\/li><\/ul><p data-start=\"1383\" data-end=\"1418\"><strong data-start=\"1383\" data-end=\"1416\">2.3. Informa\u00e7\u00f5es de terceiros<\/strong><\/p><ul data-start=\"1419\" data-end=\"1696\"><li data-start=\"1419\" data-end=\"1457\"><p data-start=\"1421\" data-end=\"1457\">Fornecedores IDX (ex.: IDX Broker)<\/p><\/li><li data-start=\"1458\" data-end=\"1496\"><p data-start=\"1460\" data-end=\"1496\">Parceiros de an\u00e1lise e publicidade<\/p><\/li><li data-start=\"1497\" data-end=\"1586\"><p data-start=\"1499\" data-end=\"1586\">Ferramentas imobili\u00e1rias (ex.: plugins de valor de im\u00f3veis, calculadoras de hipoteca)<\/p><\/li><li data-start=\"1587\" data-end=\"1618\"><p data-start=\"1589\" data-end=\"1618\">Plataformas de m\u00eddia social<\/p><\/li><li data-start=\"1619\" data-end=\"1660\"><p data-start=\"1621\" data-end=\"1660\">Fontes p\u00fablicas de dados imobili\u00e1rios<\/p><\/li><li data-start=\"1661\" data-end=\"1696\"><p data-start=\"1663\" data-end=\"1696\">Plataformas de gera\u00e7\u00e3o de leads<\/p><\/li><\/ul><h3 data-start=\"1703\" data-end=\"1738\">3. Como Usamos Suas Informa\u00e7\u00f5es<\/h3><ul data-start=\"1739\" data-end=\"2176\"><li data-start=\"1739\" data-end=\"1775\"><p data-start=\"1741\" data-end=\"1775\">Operar, manter e melhorar o Site<\/p><\/li><li data-start=\"1776\" data-end=\"1822\"><p data-start=\"1778\" data-end=\"1822\">Responder a suas consultas ou solicita\u00e7\u00f5es<\/p><\/li><li data-start=\"1823\" data-end=\"1917\"><p data-start=\"1825\" data-end=\"1917\">Fornecer informa\u00e7\u00f5es sobre propriedades, atualiza\u00e7\u00f5es de mercado ou relat\u00f3rios solicitados<\/p><\/li><li data-start=\"1918\" data-end=\"1950\"><p data-start=\"1920\" data-end=\"1950\">Personalizar sua experi\u00eancia<\/p><\/li><li data-start=\"1951\" data-end=\"2009\"><p data-start=\"1953\" data-end=\"2009\">Analisar desempenho do Site e comportamento do usu\u00e1rio<\/p><\/li><li data-start=\"2010\" data-end=\"2079\"><p data-start=\"2012\" data-end=\"2079\">Enviar comunica\u00e7\u00f5es de marketing (somente se voc\u00ea optar por isso)<\/p><\/li><li data-start=\"2080\" data-end=\"2109\"><p data-start=\"2082\" data-end=\"2109\">Cumprir obriga\u00e7\u00f5es legais<\/p><\/li><li data-start=\"2110\" data-end=\"2176\"><p data-start=\"2112\" data-end=\"2176\">Proteger a seguran\u00e7a e integridade do nosso neg\u00f3cio e usu\u00e1rios<\/p><\/li><\/ul><p data-start=\"2178\" data-end=\"2374\"><strong data-start=\"2178\" data-end=\"2213\">Uso futuro de automa\u00e7\u00e3o ou SMS:<\/strong> Se implementarmos SMS, mensagens automatizadas, automa\u00e7\u00e3o de CRM ou comunica\u00e7\u00f5es baseadas em IA no futuro, solicitaremos consentimento expl\u00edcito antes do envio.<\/p><h3 data-start=\"2381\" data-end=\"2425\">4. Cookies e Tecnologias de Rastreamento<\/h3><p data-start=\"2426\" data-end=\"2480\">Usamos cookies, pixels e tecnologias similares para:<\/p><ul data-start=\"2481\" data-end=\"2716\"><li data-start=\"2481\" data-end=\"2503\"><p data-start=\"2483\" data-end=\"2503\">Desempenho do Site<\/p><\/li><li data-start=\"2504\" data-end=\"2544\"><p data-start=\"2506\" data-end=\"2544\">Otimiza\u00e7\u00e3o da experi\u00eancia do usu\u00e1rio<\/p><\/li><li data-start=\"2545\" data-end=\"2580\"><p data-start=\"2547\" data-end=\"2580\">An\u00e1lise (ex.: Google Analytics)<\/p><\/li><li data-start=\"2581\" data-end=\"2638\"><p data-start=\"2583\" data-end=\"2638\">Funcionalidade de pesquisa IDX e feed de propriedades<\/p><\/li><li data-start=\"2639\" data-end=\"2652\"><p data-start=\"2641\" data-end=\"2652\">Seguran\u00e7a<\/p><\/li><li data-start=\"2653\" data-end=\"2716\"><p data-start=\"2655\" data-end=\"2716\">Medi\u00e7\u00e3o de desempenho de an\u00fancios (se habilitado no futuro)<\/p><\/li><\/ul><p data-start=\"2718\" data-end=\"2834\">Voc\u00ea pode desativar cookies nas configura\u00e7\u00f5es do seu navegador, mas o Site pode n\u00e3o funcionar corretamente sem eles.<\/p><h3 data-start=\"2841\" data-end=\"2884\">5. Como Compartilhamos Suas Informa\u00e7\u00f5es<\/h3><p data-start=\"2885\" data-end=\"2988\">N\u00e3o vendemos suas informa\u00e7\u00f5es pessoais. Podemos compartilhar seus dados apenas nas seguintes situa\u00e7\u00f5es:<\/p><p data-start=\"2990\" data-end=\"3038\"><strong data-start=\"2990\" data-end=\"3036\">5.1. Prestadores de servi\u00e7os e integra\u00e7\u00f5es<\/strong><\/p><ul data-start=\"3039\" data-end=\"3292\"><li data-start=\"3039\" data-end=\"3088\"><p data-start=\"3041\" data-end=\"3088\">IDX Broker (busca MLS, exibi\u00e7\u00e3o de listagens)<\/p><\/li><li data-start=\"3089\" data-end=\"3112\"><p data-start=\"3091\" data-end=\"3112\">HomeValuePlugin.com<\/p><\/li><li data-start=\"3113\" data-end=\"3146\"><p data-start=\"3115\" data-end=\"3146\">MortgageCalculatorsPlugin.com<\/p><\/li><li data-start=\"3147\" data-end=\"3172\"><p data-start=\"3149\" data-end=\"3172\">WordPress \/ Hostinger<\/p><\/li><li data-start=\"3173\" data-end=\"3217\"><p data-start=\"3175\" data-end=\"3217\">Provedores de seguran\u00e7a, hospedagem e TI<\/p><\/li><li data-start=\"3218\" data-end=\"3252\"><p data-start=\"3220\" data-end=\"3252\">Plataformas de envio de e-mail<\/p><\/li><li data-start=\"3253\" data-end=\"3292\"><p data-start=\"3255\" data-end=\"3292\">Ferramentas de an\u00e1lise ou marketing<\/p><\/li><\/ul><p data-start=\"3294\" data-end=\"3632\"><strong data-start=\"3294\" data-end=\"3338\">5.2. Parceiros imobili\u00e1rios (uso futuro)<\/strong><br data-start=\"3338\" data-end=\"3341\" \/>Se no futuro voc\u00ea optar por compartilhar leads com parceiros de refer\u00eancia, agentes compradores\/vendedores, membros da equipe, co-corretoras ou outros profissionais envolvidos em transa\u00e7\u00f5es imobili\u00e1rias, esta pol\u00edtica ser\u00e1 atualizada. Atualmente, n\u00e3o compartilhamos leads com outros agentes.<\/p><p data-start=\"3634\" data-end=\"3822\"><strong data-start=\"3634\" data-end=\"3660\">5.3. Exig\u00eancias legais<\/strong><br data-start=\"3660\" data-end=\"3663\" \/>Podemos divulgar informa\u00e7\u00f5es se exigido por lei, intima\u00e7\u00e3o, ordem judicial, solicita\u00e7\u00f5es governamentais ou para proteger nossos direitos, usu\u00e1rios ou neg\u00f3cios.<\/p><p data-start=\"3824\" data-end=\"4010\"><strong data-start=\"3824\" data-end=\"3858\">5.4. Transfer\u00eancia de neg\u00f3cios<\/strong><br data-start=\"3858\" data-end=\"3861\" \/>Se nosso neg\u00f3cio for fundido, vender ativos, reestruturar ou passar por aquisi\u00e7\u00e3o, suas informa\u00e7\u00f5es poder\u00e3o ser transferidas como parte da transa\u00e7\u00e3o.<\/p><h3 data-start=\"4017\" data-end=\"4041\">6. Reten\u00e7\u00e3o de Dados<\/h3><p data-start=\"4042\" data-end=\"4110\">Retemos suas informa\u00e7\u00f5es pessoais apenas enquanto necess\u00e1rio para:<\/p><ul data-start=\"4111\" data-end=\"4234\"><li data-start=\"4111\" data-end=\"4132\"><p data-start=\"4113\" data-end=\"4132\">Fornecer servi\u00e7os<\/p><\/li><li data-start=\"4133\" data-end=\"4162\"><p data-start=\"4135\" data-end=\"4162\">Cumprir obriga\u00e7\u00f5es legais<\/p><\/li><li data-start=\"4163\" data-end=\"4183\"><p data-start=\"4165\" data-end=\"4183\">Prevenir fraudes<\/p><\/li><li data-start=\"4184\" data-end=\"4205\"><p data-start=\"4186\" data-end=\"4205\">Resolver disputas<\/p><\/li><li data-start=\"4206\" data-end=\"4234\"><p data-start=\"4208\" data-end=\"4234\">Melhorar nossos servi\u00e7os<\/p><\/li><\/ul><p data-start=\"4236\" data-end=\"4292\">Ap\u00f3s isso, as informa\u00e7\u00f5es s\u00e3o exclu\u00eddas ou anonimizadas.<\/p><h3 data-start=\"4299\" data-end=\"4315\">7. Seguran\u00e7a<\/h3><p data-start=\"4316\" data-end=\"4502\">Implementamos medidas administrativas, t\u00e9cnicas e f\u00edsicas razo\u00e1veis para proteger suas informa\u00e7\u00f5es. No entanto, nenhum m\u00e9todo de transmiss\u00e3o ou armazenamento pela internet \u00e9 100% seguro.<\/p><h3 data-start=\"4509\" data-end=\"4539\">8. Privacidade de Crian\u00e7as<\/h3><p data-start=\"4540\" data-end=\"4715\">O Site n\u00e3o se destina a indiv\u00edduos com menos de 18 anos. N\u00e3o coletamos conscientemente informa\u00e7\u00f5es de menores. Caso descubramos dados de um menor, ser\u00e3o prontamente exclu\u00eddos.<\/p><h3 data-start=\"4722\" data-end=\"4757\">9. Suas Escolhas de Privacidade<\/h3><p data-start=\"4758\" data-end=\"4770\">Voc\u00ea pode:<\/p><ul data-start=\"4771\" data-end=\"5003\"><li data-start=\"4771\" data-end=\"4817\"><p data-start=\"4773\" data-end=\"4817\">Optar por n\u00e3o receber e-mails de marketing<\/p><\/li><li data-start=\"4818\" data-end=\"4852\"><p data-start=\"4820\" data-end=\"4852\">Recusar cookies pelo navegador<\/p><\/li><li data-start=\"4853\" data-end=\"4897\"><p data-start=\"4855\" data-end=\"4897\">Solicitar a exclus\u00e3o de suas informa\u00e7\u00f5es<\/p><\/li><li data-start=\"4898\" data-end=\"4954\"><p data-start=\"4900\" data-end=\"4954\">Solicitar acesso \u00e0s informa\u00e7\u00f5es que temos sobre voc\u00ea<\/p><\/li><li data-start=\"4955\" data-end=\"5003\"><p data-start=\"4957\" data-end=\"5003\">Solicitar corre\u00e7\u00e3o de informa\u00e7\u00f5es imprecisas<\/p><\/li><\/ul><p data-start=\"5005\" data-end=\"5041\"><strong data-start=\"5005\" data-end=\"5016\">E-mail:<\/strong> <a class=\"decorated-link cursor-pointer\" rel=\"noopener\" data-start=\"5017\" data-end=\"5039\">homes@anerodrigues.com<\/a><\/p><h3 data-start=\"5048\" data-end=\"5077\">10. Sinais \u201cN\u00e3o Rastrear\u201d<\/h3><p data-start=\"5078\" data-end=\"5184\">Nosso Site n\u00e3o responde aos sinais \u201cN\u00e3o Rastrear\u201d do navegador, pois n\u00e3o existe interpreta\u00e7\u00e3o padronizada.<\/p><h3 data-start=\"5191\" data-end=\"5217\">11. Sites de Terceiros<\/h3><p data-start=\"5218\" data-end=\"5368\">O Site pode conter links para sites externos ou ferramentas que n\u00e3o controlamos. N\u00e3o somos respons\u00e1veis por suas pr\u00e1ticas ou pol\u00edticas de privacidade.<\/p><h3 data-start=\"5375\" data-end=\"5423\">12. Altera\u00e7\u00f5es nesta Pol\u00edtica de Privacidade<\/h3><p data-start=\"5424\" data-end=\"5610\">Podemos atualizar esta Pol\u00edtica de Privacidade a qualquer momento. Quando atualizada, a \u201cData de Vig\u00eancia\u201d ser\u00e1 revisada. O uso cont\u00ednuo do Site constitui aceita\u00e7\u00e3o da pol\u00edtica alterada.<\/p><h3 data-start=\"5617\" data-end=\"5632\">13. Contato<\/h3><p data-start=\"5633\" data-end=\"5738\">Se tiver d\u00favidas sobre esta Pol\u00edtica de Privacidade ou desejar exercer seus direitos, entre em contato:<\/p><p data-start=\"5740\" data-end=\"5859\"><strong data-start=\"5740\" data-end=\"5773\">Nelsiane Inacio Rodrigues, PA<\/strong><br data-start=\"5773\" data-end=\"5776\" \/>7065 Wespointe Blvd #102<br data-start=\"5800\" data-end=\"5803\" \/>Orlando, FL 32835<br data-start=\"5820\" data-end=\"5823\" \/><strong data-start=\"5823\" data-end=\"5834\">E-mail:<\/strong> <a class=\"decorated-link cursor-pointer\" rel=\"noopener\" data-start=\"5835\" data-end=\"5857\">homes@anerodrigues.com<\/a><\/p>\t\t\t\t\t\t\t\t<\/div>\n\t\t\t\t\t<\/div>\n\t\t\t\t<\/div>\n\t\t\t\t<\/div>\n\t\t","protected":false},"excerpt":{"rendered":"<p>Data de Vig\u00eancia: 01\/11\/2025Esta Pol\u00edtica de Privacidade descreve como Nelsiane Inacio Rodrigues, PA (&#8220;n\u00f3s&#8221;, &#8220;nosso&#8221;) coleta, usa, divulga e protege [&hellip;]<\/p>\n","protected":false},"author":2,"featured_media":0,"parent":0,"menu_order":0,"comment_status":"closed","ping_status":"closed","template":"elementor_header_footer","meta":{"_acf_changed":false,"site-sidebar-layout":"default","site-content-layout":"","ast-site-content-layout":"default","site-content-style":"default","site-sidebar-style":"default","ast-global-header-display":"","ast-banner-title-visibility":"","ast-main-header-display":"","ast-hfb-above-header-display":"","ast-hfb-below-header-display":"","ast-hfb-mobile-header-display":"","site-post-title":"","ast-breadcrumbs-content":"","ast-featured-img":"","footer-sml-layout":"","theme-transparent-header-meta":"default","adv-header-id-meta":"","stick-header-meta":"","header-above-stick-meta":"","header-main-stick-meta":"","header-below-stick-meta":"","astra-migrate-meta-layouts":"set","ast-page-background-enabled":"default","ast-page-background-meta":{"desktop":{"background-color":"var(--ast-global-color-5)","background-image":"","background-repeat":"repeat","background-position":"center center","background-size":"auto","background-attachment":"scroll","background-type":"","background-media":"","overlay-type":"","overlay-color":"","overlay-opacity":"","overlay-gradient":""},"tablet":{"background-color":"","background-image":"","background-repeat":"repeat","background-position":"center center","background-size":"auto","background-attachment":"scroll","background-type":"","background-media":"","overlay-type":"","overlay-color":"","overlay-opacity":"","overlay-gradient":""},"mobile":{"background-color":"","background-image":"","background-repeat":"repeat","background-position":"center center","background-size":"auto","background-attachment":"scroll","background-type":"","background-media":"","overlay-type":"","overlay-color":"","overlay-opacity":"","overlay-gradient":""}},"ast-content-background-meta":{"desktop":{"background-color":"var(--ast-global-color-4)","background-image":"","background-repeat":"repeat","background-position":"center center","background-size":"auto","background-attachment":"scroll","background-type":"","background-media":"","overlay-type":"","overlay-color":"","overlay-opacity":"","overlay-gradient":""},"tablet":{"background-color":"var(--ast-global-color-4)","background-image":"","background-repeat":"repeat","background-position":"center center","background-size":"auto","background-attachment":"scroll","background-type":"","background-media":"","overlay-type":"","overlay-color":"","overlay-opacity":"","overlay-gradient":""},"mobile":{"background-color":"var(--ast-global-color-4)","background-image":"","background-repeat":"repeat","background-position":"center center","background-size":"auto","background-attachment":"scroll","background-type":"","background-media":"","overlay-type":"","overlay-color":"","overlay-opacity":"","overlay-gradient":""}},"footnotes":""},"class_list":["post-3873","page","type-page","status-publish","hentry"],"acf":[],"_links":{"self":[{"href":"https:\/\/anerodrigues.com\/pt\/wp-json\/wp\/v2\/pages\/3873","targetHints":{"allow":["GET"]}}],"collection":[{"href":"https:\/\/anerodrigues.com\/pt\/wp-json\/wp\/v2\/pages"}],"about":[{"href":"https:\/\/anerodrigues.com\/pt\/wp-json\/wp\/v2\/types\/page"}],"author":[{"embeddable":true,"href":"https:\/\/anerodrigues.com\/pt\/wp-json\/wp\/v2\/users\/2"}],"replies":[{"embeddable":true,"href":"https:\/\/anerodrigues.com\/pt\/wp-json\/wp\/v2\/comments?post=3873"}],"version-history":[{"count":12,"href":"https:\/\/anerodrigues.com\/pt\/wp-json\/wp\/v2\/pages\/3873\/revisions"}],"predecessor-version":[{"id":3905,"href":"https:\/\/anerodrigues.com\/pt\/wp-json\/wp\/v2\/pages\/3873\/revisions\/3905"}],"wp:attachment":[{"href":"https:\/\/anerodrigues.com\/pt\/wp-json\/wp\/v2\/media?parent=3873"}],"curies":[{"name":"wp","href":"https:\/\/api.w.org\/{rel}","templated":true}]}}