{"id":31,"date":"2025-11-17T08:34:52","date_gmt":"2025-11-17T08:34:52","guid":{"rendered":"https:\/\/staging.anerodrigues.com\/?page_id=31"},"modified":"2026-02-16T02:49:35","modified_gmt":"2026-02-16T02:49:35","slug":"home-2","status":"publish","type":"page","link":"https:\/\/anerodrigues.com\/pt\/","title":{"rendered":"Home"},"content":{"rendered":"\t\t<div data-elementor-type=\"wp-page\" data-elementor-id=\"31\" class=\"elementor elementor-31\" data-elementor-post-type=\"page\">\n\t\t\t\t<div class=\"elementor-element elementor-element-1854980 e-flex e-con-boxed e-con e-parent\" data-id=\"1854980\" data-element_type=\"container\" data-settings=\"{&quot;background_background&quot;:&quot;classic&quot;}\">\n\t\t\t\t\t<div class=\"e-con-inner\">\n\t\t\t\t<div class=\"elementor-element elementor-element-eb274b8 elementor-widget elementor-widget-heading\" data-id=\"eb274b8\" data-element_type=\"widget\" data-widget_type=\"heading.default\">\n\t\t\t\t\t<h2 class=\"elementor-heading-title elementor-size-default\">O Luxo De Viver Onde A Alma Se Renova A Cada Dia<\/h2>\t\t\t\t<\/div>\n\t\t\t\t\t<\/div>\n\t\t\t\t<\/div>\n\t\t<div class=\"elementor-element elementor-element-9bc049f e-flex e-con-boxed e-con e-parent\" data-id=\"9bc049f\" data-element_type=\"container\">\n\t\t\t\t\t<div class=\"e-con-inner\">\n\t\t<div class=\"elementor-element elementor-element-31ed111 e-flex e-con-boxed e-con e-child\" data-id=\"31ed111\" data-element_type=\"container\" data-settings=\"{&quot;background_background&quot;:&quot;classic&quot;}\">\n\t\t\t\t\t<div class=\"e-con-inner\">\n\t\t<div class=\"elementor-element elementor-element-e6986d4 e-con-full e-flex e-con e-child\" data-id=\"e6986d4\" data-element_type=\"container\">\n\t\t<div class=\"elementor-element elementor-element-6501e79 e-con-full e-flex e-con e-child\" data-id=\"6501e79\" data-element_type=\"container\">\n\t\t\t\t<div class=\"elementor-element elementor-element-1b6e759 elementor-widget elementor-widget-heading\" data-id=\"1b6e759\" data-element_type=\"widget\" data-widget_type=\"heading.default\">\n\t\t\t\t\t<h2 class=\"elementor-heading-title elementor-size-default\">Procure im\u00f3veis \u00e0 venda<\/h2>\t\t\t\t<\/div>\n\t\t\t\t<\/div>\n\t\t<div class=\"elementor-element elementor-element-52d8ae7 e-con-full e-flex e-con e-child\" data-id=\"52d8ae7\" data-element_type=\"container\">\n\t\t\t\t<\/div>\n\t\t\t\t<\/div>\n\t\t\t\t<div class=\"elementor-element elementor-element-b9ead69 elementor-widget__width-inherit elementor-widget elementor-widget-shortcode\" data-id=\"b9ead69\" data-element_type=\"widget\" id=\"searchqs\" data-widget_type=\"shortcode.default\">\n\t\t\t\t\t\t\t<div class=\"elementor-shortcode\">        <form class=\"idx-omnibar-form idx-omnibar-original-form\">\n          <label for=\"omnibar\" class=\"screen-reader-text\">Busca por endere\u00e7o, cidade, ou bairro<\/label>\n          <input id=\"omnibar\" class=\"idx-omnibar-input\" type=\"text\" placeholder=\"Busca por endere\u00e7o, cidade, ou bairro\"><button type=\"submit\" value=\"Search\" aria-label=\"Submit Search\"><i class=\"fas fa-search\" aria-hidden=\"true\"><\/i><span>Search<\/span><\/button>\n          <div class=\"idx-omnibar-extra idx-omnibar-price-container\" style=\"display: none;\"><label for=\"idx-omnibar-extra-max-price\">Price Max<\/label><input id=\"idx-omnibar-extra-max-price\" class=\"idx-omnibar-price\" type=\"number\" min=\"0\" step=\"10000\"><\/div><div class=\"idx-omnibar-extra idx-omnibar-bed-container\" style=\"display: none;\"><label for=\"idx-omnibar-extra-bed\">Beds<\/label><input id=\"idx-omnibar-extra-bed\" class=\"idx-omnibar-bed\" type=\"number\" min=\"0\" step=\"1\"><\/div><div class=\"idx-omnibar-extra idx-omnibar-bath-container\" style=\"display: none;\"><label for=\"idx-omnibar-extra-bath\">Baths<\/label><input id=\"idx-omnibar-extra-bath\" class=\"idx-omnibar-bath\" type=\"number\" min=\"0\" step=\"1\"><\/div>\n        <\/form><\/div>\n\t\t\t\t\t\t<\/div>\n\t\t\t\t<div class=\"elementor-element elementor-element-b767fbf elementor-widget elementor-widget-html\" data-id=\"b767fbf\" data-element_type=\"widget\" data-widget_type=\"html.default\">\n\t\t\t\t\t<script>\r\ndocument.addEventListener(\"DOMContentLoaded\", function () {\r\n\r\n    function applyIDXFixes() {\r\n        \/\/ Change Labels\r\n        const labelMap = {\r\n            \"#IDX-qsPtLabel-38245\": \"Property Type\",\r\n            \"#IDX-qsMinPriceLabel-38245\": \"Min $\",\r\n            \"#IDX-qsMaxPriceLabel-38245\": \"Max $\",\r\n            \"#IDX-qsMinBedLabel-38245\": \"Beds\",\r\n            \"#IDX-qsMinBathLabel-38245\": \"Bath\",\r\n            \"#IDX-qsCityListLabel-38245\": \"City\"\r\n        };\r\n\r\n        for (const selector in labelMap) {\r\n            const el = document.querySelector(selector);\r\n            if (el) el.textContent = labelMap[selector];\r\n        }\r\n\r\n        \/\/ Set Placeholders\r\n        const placeholderMap = {\r\n            \"#IDX-qsMinPrice-38245\": \"Min $\",\r\n            \"#IDX-qsMaxPrice-38245\": \"Max $\",\r\n            \"#IDX-qsMinBed-38245\": \"Beds\",\r\n            \"#IDX-qsMinBath-38245\": \"Bath\"\r\n        };\r\n\r\n        for (const selector in placeholderMap) {\r\n            const el = document.querySelector(selector);\r\n            if (el) el.setAttribute(\"placeholder\", placeholderMap[selector]);\r\n        }\r\n\r\n        \/\/ First options text\r\n        const city = document.querySelector(\"#IDX-qsCityList-38245\");\r\n        if (city && city.options.length > 0) city.options[0].text = \"City\";\r\n\r\n        const type = document.querySelector(\"#IDX-qsPt-38245\");\r\n        if (type && type.options.length > 0) type.options[0].text = \"Property Type\";\r\n    }\r\n\r\n    \/\/ Run once after tiny delay (IDX loads async)\r\n    setTimeout(applyIDXFixes, 200);\r\n\r\n    \/\/ Watch for any IDX re-render\r\n    const observer = new MutationObserver(() => {\r\n        setTimeout(applyIDXFixes, 50);\r\n    });\r\n\r\n    observer.observe(document.body, { childList: true, subtree: true });\r\n});\r\n<\/script>\r\n\t\t\t\t<\/div>\n\t\t\t\t\t<\/div>\n\t\t\t\t<\/div>\n\t\t\t\t\t<\/div>\n\t\t\t\t<\/div>\n\t\t<div class=\"elementor-element elementor-element-027ba15 e-con-full e-flex e-con e-parent\" data-id=\"027ba15\" data-element_type=\"container\" data-settings=\"{&quot;background_background&quot;:&quot;classic&quot;}\">\n\t\t<div class=\"elementor-element elementor-element-52c86e9 e-flex e-con-boxed e-con e-child\" data-id=\"52c86e9\" data-element_type=\"container\" data-settings=\"{&quot;animation&quot;:&quot;none&quot;}\">\n\t\t\t\t\t<div class=\"e-con-inner\">\n\t\t<div class=\"elementor-element elementor-element-df6eaa6 e-con-full e-flex e-con e-child\" data-id=\"df6eaa6\" data-element_type=\"container\" data-settings=\"{&quot;animation&quot;:&quot;none&quot;,&quot;animation_delay&quot;:0.3}\">\n\t\t\t\t<div class=\"elementor-element elementor-element-fccd8ee elementor-widget elementor-widget-image\" data-id=\"fccd8ee\" data-element_type=\"widget\" data-widget_type=\"image.default\">\n\t\t\t\t\t\t\t\t\t\t\t\t\t\t\t<img fetchpriority=\"high\" decoding=\"async\" width=\"1365\" height=\"2048\" src=\"https:\/\/anerodrigues.com\/pt\/wp-content\/smush-webp\/2026\/02\/Ane-Rodrigues-page_small.jpg.webp\" class=\"attachment-full size-full wp-image-4158\" alt=\"\" srcset=\"https:\/\/anerodrigues.com\/pt\/wp-content\/smush-webp\/2026\/02\/Ane-Rodrigues-page_small.jpg.webp 1365w, https:\/\/anerodrigues.com\/pt\/wp-content\/smush-webp\/2026\/02\/Ane-Rodrigues-page_small-200x300.jpg.webp 200w, https:\/\/anerodrigues.com\/pt\/wp-content\/smush-webp\/2026\/02\/Ane-Rodrigues-page_small-683x1024.jpg.webp 683w, https:\/\/anerodrigues.com\/pt\/wp-content\/smush-webp\/2026\/02\/Ane-Rodrigues-page_small-768x1152.jpg.webp 768w, https:\/\/anerodrigues.com\/pt\/wp-content\/smush-webp\/2026\/02\/Ane-Rodrigues-page_small-1024x1536.jpg.webp 1024w, https:\/\/anerodrigues.com\/pt\/wp-content\/smush-webp\/2026\/02\/Ane-Rodrigues-page_small-1060x1590.jpg.webp 1060w, https:\/\/anerodrigues.com\/pt\/wp-content\/smush-webp\/2026\/02\/Ane-Rodrigues-page_small-1320x1980.jpg.webp 1320w\" sizes=\"(max-width: 1365px) 100vw, 1365px\" data-smush-webp-fallback=\"{&quot;src&quot;:&quot;https:\\\/\\\/anerodrigues.com\\\/pt\\\/wp-content\\\/uploads\\\/2026\\\/02\\\/Ane-Rodrigues-page_small.jpg&quot;,&quot;srcset&quot;:&quot;https:\\\/\\\/anerodrigues.com\\\/pt\\\/wp-content\\\/uploads\\\/2026\\\/02\\\/Ane-Rodrigues-page_small.jpg 1365w, https:\\\/\\\/anerodrigues.com\\\/pt\\\/wp-content\\\/uploads\\\/2026\\\/02\\\/Ane-Rodrigues-page_small-200x300.jpg 200w, https:\\\/\\\/anerodrigues.com\\\/pt\\\/wp-content\\\/uploads\\\/2026\\\/02\\\/Ane-Rodrigues-page_small-683x1024.jpg 683w, https:\\\/\\\/anerodrigues.com\\\/pt\\\/wp-content\\\/uploads\\\/2026\\\/02\\\/Ane-Rodrigues-page_small-768x1152.jpg 768w, https:\\\/\\\/anerodrigues.com\\\/pt\\\/wp-content\\\/uploads\\\/2026\\\/02\\\/Ane-Rodrigues-page_small-1024x1536.jpg 1024w, https:\\\/\\\/anerodrigues.com\\\/pt\\\/wp-content\\\/uploads\\\/2026\\\/02\\\/Ane-Rodrigues-page_small-1060x1590.jpg 1060w, https:\\\/\\\/anerodrigues.com\\\/pt\\\/wp-content\\\/uploads\\\/2026\\\/02\\\/Ane-Rodrigues-page_small-1320x1980.jpg 1320w&quot;}\" \/>\t\t\t\t\t\t\t\t\t\t\t\t\t\t\t<\/div>\n\t\t\t\t<\/div>\n\t\t<div class=\"elementor-element elementor-element-7afff4b e-con-full e-flex e-con e-child\" data-id=\"7afff4b\" data-element_type=\"container\" data-settings=\"{&quot;animation&quot;:&quot;none&quot;,&quot;animation_delay&quot;:0.3,&quot;background_background&quot;:&quot;classic&quot;}\">\n\t\t\t\t<div class=\"elementor-element elementor-element-09701f1 elementor-widget elementor-widget-heading\" data-id=\"09701f1\" data-element_type=\"widget\" data-widget_type=\"heading.default\">\n\t\t\t\t\t<h2 class=\"elementor-heading-title elementor-size-default\">Ane Rodrigues <\/h2>\t\t\t\t<\/div>\n\t\t\t\t<div class=\"elementor-element elementor-element-4f54ac7 elementor-widget elementor-widget-text-editor\" data-id=\"4f54ac7\" data-element_type=\"widget\" data-widget_type=\"text-editor.default\">\n\t\t\t\t\t\t\t\t\t Escolher Ane Rodrigues para gui\u00e1-lo na busca pelo seu novo lar \u00e9 optar\npor uma experi\u00eancia marcada por acolhimento, profissionalismo e\ndedica\u00e7\u00e3o verdadeira.\t\t\t\t\t\t\t\t<\/div>\n\t\t\t\t<div class=\"elementor-element elementor-element-4ba6441 elementor-widget elementor-widget-text-editor\" data-id=\"4ba6441\" data-element_type=\"widget\" data-widget_type=\"text-editor.default\">\n\t\t\t\t\t\t\t\t\tCom uma do\u00e7ura natural e uma presen\u00e7a que transmite calma, Ane\nrapidamente conquista quem est\u00e1 ao seu redor, qualidade que reflete sua\nbela heran\u00e7a \u00edtalo-brasileira.\t\t\t\t\t\t\t\t<\/div>\n\t\t\t\t<div class=\"elementor-element elementor-element-52e74aa elementor-widget elementor-widget-text-editor\" data-id=\"52e74aa\" data-element_type=\"widget\" data-widget_type=\"text-editor.default\">\n\t\t\t\t\t\t\t\t\tAo trabalhar com ela, voc\u00ea n\u00e3o encontra apenas uma corretora de\nim\u00f3veis, mas algu\u00e9m que escuta, acolhe e se importa de verdade. Ao\nmesmo tempo, Ane \u00e9 uma defensora firme dos interesses de seus\nclientes.\n\t\t\t\t\t\t\t\t<\/div>\n\t\t\t\t<div class=\"elementor-element elementor-element-bc989f4 elementor-widget elementor-widget-text-editor\" data-id=\"bc989f4\" data-element_type=\"widget\" data-widget_type=\"text-editor.default\">\n\t\t\t\t\t\t\t\t\tS\u00e3o mais de 20 anos de experi\u00eancia como empres\u00e1ria, administrando sua\npr\u00f3pria empresa, na qual desenvolveu habilidades em gest\u00e3o, estrat\u00e9gia\ne tomada de decis\u00e3o, al\u00e9m de aprimorar sua capacidade de negocia\u00e7\u00e3o.\t\t\t\t\t\t\t\t<\/div>\n\t\t\t\t<div class=\"elementor-element elementor-element-7a47312 elementor-widget elementor-widget-text-editor\" data-id=\"7a47312\" data-element_type=\"widget\" data-widget_type=\"text-editor.default\">\n\t\t\t\t\t\t\t\t\tSua participa\u00e7\u00e3o na empresa de constru\u00e7\u00e3o civil da fam\u00edlia no Brasil e\nseu papel atual como investidora no setor da constru\u00e7\u00e3o na Fl\u00f3rida,\noferecem um olhar t\u00e9cnico sobre a estrutura, a qualidade e o potencial de\ncada im\u00f3vel.\n\t\t\t\t\t\t\t\t<\/div>\n\t\t\t\t<div class=\"elementor-element elementor-element-4074e10 elementor-widget elementor-widget-text-editor\" data-id=\"4074e10\" data-element_type=\"widget\" data-widget_type=\"text-editor.default\">\n\t\t\t\t\t\t\t\t\tEla conduz todas as etapas do processo com \u00e9tica, equil\u00edbrio, e gentileza,\nsempre buscando o melhor resultado para seus clientes, de forma fluida e\norganizada, sem estresse. Sua prioridade \u00e9 ajudar voc\u00ea a tomar decis\u00f5es\nfinanceiras seguras e bem fundamentadas.\n\t\t\t\t\t\t\t\t<\/div>\n\t\t\t\t<div class=\"elementor-element elementor-element-c76c65f elementor-widget elementor-widget-text-editor\" data-id=\"c76c65f\" data-element_type=\"widget\" data-widget_type=\"text-editor.default\">\n\t\t\t\t\t\t\t\t\tConhecedora da regi\u00e3o central da Fl\u00f3rida, especialmente a \u00e1rea\nmetropolitana de Orlando, Ane fala portugu\u00eas, ingl\u00eas e espanhol, sendo\numa ponte valiosa para fam\u00edlias e investidores de diferentes origens.\t\t\t\t\t\t\t\t<\/div>\n\t\t\t\t<div class=\"elementor-element elementor-element-536d1da elementor-widget elementor-widget-text-editor\" data-id=\"536d1da\" data-element_type=\"widget\" data-widget_type=\"text-editor.default\">\n\t\t\t\t\t\t\t\t\tFora do trabalho, ela se dedica \u00e0 culin\u00e1ria e \u00e0 m\u00fasica e \u00e9 apaixonada por\ndesign de interiores. Seu lado criativo enriquece seu olhar sobre cada\ncasa e o potencial de cada ambiente.\n\t\t\t\t\t\t\t\t<\/div>\n\t\t\t\t<div class=\"elementor-element elementor-element-d0c5a98 elementor-widget elementor-widget-text-editor\" data-id=\"d0c5a98\" data-element_type=\"widget\" data-widget_type=\"text-editor.default\">\n\t\t\t\t\t\t\t\t\tAne Rodrigues \u00e9 uma pessoa iluminada e comprometida em acolher sua\nfam\u00edlia durante todo o processo de negocia\u00e7\u00e3o do seu im\u00f3vel na Fl\u00f3rida.\nEla consegue combinar compet\u00eancia e empatia em um momento de\ntransi\u00e7\u00e3o na vida de seus clientes.\t\t\t\t\t\t\t\t<\/div>\n\t\t\t\t<\/div>\n\t\t\t\t\t<\/div>\n\t\t\t\t<\/div>\n\t\t\t\t<\/div>\n\t\t<div class=\"elementor-element elementor-element-ea3fe75 e-flex e-con-boxed e-con e-parent\" data-id=\"ea3fe75\" data-element_type=\"container\">\n\t\t\t\t\t<div class=\"e-con-inner\">\n\t\t<div class=\"elementor-element elementor-element-33b12b7 e-flex e-con-boxed e-con e-child\" data-id=\"33b12b7\" data-element_type=\"container\" data-settings=\"{&quot;background_background&quot;:&quot;classic&quot;}\">\n\t\t\t\t\t<div class=\"e-con-inner\">\n\t\t<div class=\"elementor-element elementor-element-b12e158 e-con-full e-flex e-con e-child\" data-id=\"b12e158\" data-element_type=\"container\">\n\t\t\t\t<div class=\"elementor-element elementor-element-2458719 elementor-widget elementor-widget-heading\" data-id=\"2458719\" data-element_type=\"widget\" data-widget_type=\"heading.default\">\n\t\t\t\t\t<h2 class=\"elementor-heading-title elementor-size-default\">Tem uma pergunta?<\/h2>\t\t\t\t<\/div>\n\t\t\t\t<div class=\"elementor-element elementor-element-7893654 elementor-widget elementor-widget-text-editor\" data-id=\"7893654\" data-element_type=\"widget\" data-widget_type=\"text-editor.default\">\n\t\t\t\t\t\t\t\t\t<p>Receba assist\u00eancia especializada<\/p>\t\t\t\t\t\t\t\t<\/div>\n\t\t\t\t<\/div>\n\t\t<div class=\"elementor-element elementor-element-18d474f e-con-full e-flex e-con e-child\" data-id=\"18d474f\" data-element_type=\"container\">\n\t\t\t\t<div class=\"elementor-element elementor-element-feb7572 elementor-mobile-align-center elementor-widget elementor-widget-button\" data-id=\"feb7572\" data-element_type=\"widget\" data-widget_type=\"button.default\">\n\t\t\t\t\t\t\t\t\t\t<a class=\"elementor-button elementor-button-link elementor-size-sm elementor-animation-float\" href=\"https:\/\/anerodrigues.com\/pt\/blog-contact\/#contact11\">\n\t\t\t\t\t\t<span class=\"elementor-button-content-wrapper\">\n\t\t\t\t\t\t\t\t\t<span class=\"elementor-button-text\">CONTATO<\/span>\n\t\t\t\t\t<\/span>\n\t\t\t\t\t<\/a>\n\t\t\t\t\t\t\t\t<\/div>\n\t\t\t\t<\/div>\n\t\t\t\t\t<\/div>\n\t\t\t\t<\/div>\n\t\t\t\t\t<\/div>\n\t\t\t\t<\/div>\n\t\t<div class=\"elementor-element elementor-element-2d8d909 lxp e-flex e-con-boxed e-con e-parent\" data-id=\"2d8d909\" data-element_type=\"container\" data-settings=\"{&quot;background_background&quot;:&quot;classic&quot;}\">\n\t\t\t\t\t<div class=\"e-con-inner\">\n\t\t\t\t<div class=\"elementor-element elementor-element-6edc426 elementor-widget elementor-widget-heading\" data-id=\"6edc426\" data-element_type=\"widget\" data-widget_type=\"heading.default\">\n\t\t\t\t\t<h2 class=\"elementor-heading-title elementor-size-default\">As Propriedades Mais Exclusivas Do Mercado<\/h2>\t\t\t\t<\/div>\n\t\t\t\t<div class=\"elementor-element elementor-element-b49f2c5 elementor-widget__width-initial elementor-widget-mobile__width-inherit elementor-widget elementor-widget-html\" data-id=\"b49f2c5\" data-element_type=\"widget\" data-widget_type=\"html.default\">\n\t\t\t\t\t<script charset=\"UTF-8\" type=\"text\/javascript\" id=\"idxwidgetsrc-121494\" src=\"\/\/anerodrigues.idxbroker.com\/idx\/widgets\/121494\"><\/script>\t\t\t\t<\/div>\n\t\t\t\t\t<\/div>\n\t\t\t\t<\/div>\n\t\t<div class=\"elementor-element elementor-element-82ceb97 e-flex e-con-boxed e-con e-parent\" data-id=\"82ceb97\" data-element_type=\"container\">\n\t\t\t\t\t<div class=\"e-con-inner\">\n\t\t<div class=\"elementor-element elementor-element-24619d4 e-flex e-con-boxed e-con e-child\" data-id=\"24619d4\" data-element_type=\"container\" data-settings=\"{&quot;background_background&quot;:&quot;classic&quot;}\">\n\t\t\t\t\t<div class=\"e-con-inner\">\n\t\t\t\t<div class=\"elementor-element elementor-element-2c074f3 elementor-widget elementor-widget-heading\" data-id=\"2c074f3\" data-element_type=\"widget\" data-widget_type=\"heading.default\">\n\t\t\t\t\t<h2 class=\"elementor-heading-title elementor-size-default\">Compre Ou Venda Com Confian\u00e7a<\/h2>\t\t\t\t<\/div>\n\t\t<div class=\"elementor-element elementor-element-c4a997c e-con-full e-flex e-con e-child\" data-id=\"c4a997c\" data-element_type=\"container\">\n\t\t\t\t<div class=\"elementor-element elementor-element-21e70fc elementor-widget elementor-widget-button\" data-id=\"21e70fc\" data-element_type=\"widget\" data-widget_type=\"button.default\">\n\t\t\t\t\t\t\t\t\t\t<a class=\"elementor-button elementor-button-link elementor-size-sm elementor-animation-float\" href=\"https:\/\/anerodrigues.com\/pt\/seller\/\">\n\t\t\t\t\t\t<span class=\"elementor-button-content-wrapper\">\n\t\t\t\t\t\t\t\t\t<span class=\"elementor-button-text\">Pensando em vender?<\/span>\n\t\t\t\t\t<\/span>\n\t\t\t\t\t<\/a>\n\t\t\t\t\t\t\t\t<\/div>\n\t\t\t\t<div class=\"elementor-element elementor-element-230ac3f elementor-widget elementor-widget-button\" data-id=\"230ac3f\" data-element_type=\"widget\" data-widget_type=\"button.default\">\n\t\t\t\t\t\t\t\t\t\t<a class=\"elementor-button elementor-button-link elementor-size-sm elementor-animation-float\" href=\"https:\/\/anerodrigues.com\/pt\/buyer\/\">\n\t\t\t\t\t\t<span class=\"elementor-button-content-wrapper\">\n\t\t\t\t\t\t\t\t\t<span class=\"elementor-button-text\">Querendo comprar?<\/span>\n\t\t\t\t\t<\/span>\n\t\t\t\t\t<\/a>\n\t\t\t\t\t\t\t\t<\/div>\n\t\t\t\t<\/div>\n\t\t\t\t\t<\/div>\n\t\t\t\t<\/div>\n\t\t\t\t\t<\/div>\n\t\t\t\t<\/div>\n\t\t\t\t<\/div>\n\t\t","protected":false},"excerpt":{"rendered":"<p>O Luxo De Viver Onde A Alma Se Renova A Cada Dia Procure im\u00f3veis \u00e0 venda Ane Rodrigues Escolher Ane [&hellip;]<\/p>\n","protected":false},"author":2,"featured_media":0,"parent":0,"menu_order":0,"comment_status":"closed","ping_status":"closed","template":"","meta":{"_acf_changed":false,"site-sidebar-layout":"no-sidebar","site-content-layout":"","ast-site-content-layout":"full-width-container","site-content-style":"default","site-sidebar-style":"default","ast-global-header-display":"","ast-banner-title-visibility":"","ast-main-header-display":"","ast-hfb-above-header-display":"","ast-hfb-below-header-display":"","ast-hfb-mobile-header-display":"","site-post-title":"disabled","ast-breadcrumbs-content":"","ast-featured-img":"disabled","footer-sml-layout":"","theme-transparent-header-meta":"default","adv-header-id-meta":"","stick-header-meta":"","header-above-stick-meta":"","header-main-stick-meta":"","header-below-stick-meta":"","astra-migrate-meta-layouts":"set","ast-page-background-enabled":"default","ast-page-background-meta":{"desktop":{"background-color":"var(--ast-global-color-5)","background-image":"","background-repeat":"repeat","background-position":"center center","background-size":"auto","background-attachment":"scroll","background-type":"","background-media":"","overlay-type":"","overlay-color":"","overlay-opacity":"","overlay-gradient":""},"tablet":{"background-color":"","background-image":"","background-repeat":"repeat","background-position":"center center","background-size":"auto","background-attachment":"scroll","background-type":"","background-media":"","overlay-type":"","overlay-color":"","overlay-opacity":"","overlay-gradient":""},"mobile":{"background-color":"","background-image":"","background-repeat":"repeat","background-position":"center center","background-size":"auto","background-attachment":"scroll","background-type":"","background-media":"","overlay-type":"","overlay-color":"","overlay-opacity":"","overlay-gradient":""}},"ast-content-background-meta":{"desktop":{"background-color":"var(--ast-global-color-4)","background-image":"","background-repeat":"repeat","background-position":"center center","background-size":"auto","background-attachment":"scroll","background-type":"","background-media":"","overlay-type":"","overlay-color":"","overlay-opacity":"","overlay-gradient":""},"tablet":{"background-color":"var(--ast-global-color-4)","background-image":"","background-repeat":"repeat","background-position":"center center","background-size":"auto","background-attachment":"scroll","background-type":"","background-media":"","overlay-type":"","overlay-color":"","overlay-opacity":"","overlay-gradient":""},"mobile":{"background-color":"var(--ast-global-color-4)","background-image":"","background-repeat":"repeat","background-position":"center center","background-size":"auto","background-attachment":"scroll","background-type":"","background-media":"","overlay-type":"","overlay-color":"","overlay-opacity":"","overlay-gradient":""}},"footnotes":""},"class_list":["post-31","page","type-page","status-publish","hentry"],"acf":[],"_links":{"self":[{"href":"https:\/\/anerodrigues.com\/pt\/wp-json\/wp\/v2\/pages\/31","targetHints":{"allow":["GET"]}}],"collection":[{"href":"https:\/\/anerodrigues.com\/pt\/wp-json\/wp\/v2\/pages"}],"about":[{"href":"https:\/\/anerodrigues.com\/pt\/wp-json\/wp\/v2\/types\/page"}],"author":[{"embeddable":true,"href":"https:\/\/anerodrigues.com\/pt\/wp-json\/wp\/v2\/users\/2"}],"replies":[{"embeddable":true,"href":"https:\/\/anerodrigues.com\/pt\/wp-json\/wp\/v2\/comments?post=31"}],"version-history":[{"count":1096,"href":"https:\/\/anerodrigues.com\/pt\/wp-json\/wp\/v2\/pages\/31\/revisions"}],"predecessor-version":[{"id":4733,"href":"https:\/\/anerodrigues.com\/pt\/wp-json\/wp\/v2\/pages\/31\/revisions\/4733"}],"wp:attachment":[{"href":"https:\/\/anerodrigues.com\/pt\/wp-json\/wp\/v2\/media?parent=31"}],"curies":[{"name":"wp","href":"https:\/\/api.w.org\/{rel}","templated":true}]}}