{"id":1191,"date":"2025-11-19T09:02:29","date_gmt":"2025-11-19T09:02:29","guid":{"rendered":"https:\/\/staging.anerodrigues.com\/?page_id=1191"},"modified":"2026-02-16T02:01:26","modified_gmt":"2026-02-16T02:01:26","slug":"busca-imoveis","status":"publish","type":"page","link":"https:\/\/anerodrigues.com\/pt\/busca-imoveis\/","title":{"rendered":"BUSCA IM\u00d3VEIS"},"content":{"rendered":"\t\t<div data-elementor-type=\"wp-page\" data-elementor-id=\"1191\" class=\"elementor elementor-1191\" data-elementor-post-type=\"page\">\n\t\t\t\t<div class=\"elementor-element elementor-element-2734c2a e-flex e-con-boxed e-con e-parent\" data-id=\"2734c2a\" data-element_type=\"container\" data-settings=\"{&quot;background_background&quot;:&quot;classic&quot;}\">\n\t\t\t\t\t<div class=\"e-con-inner\">\n\t\t\t\t<div class=\"elementor-element elementor-element-2f6eead elementor-widget elementor-widget-heading\" data-id=\"2f6eead\" data-element_type=\"widget\" data-widget_type=\"heading.default\">\n\t\t\t\t\t<h2 class=\"elementor-heading-title elementor-size-default\">Encontre im\u00f3veis do jeitinho que voc\u00ea sonhou \n<br>Explore, compare, e deixe eu te guiar at\u00e9 o seu novo lar <\/h2>\t\t\t\t<\/div>\n\t\t\t\t\t<\/div>\n\t\t\t\t<\/div>\n\t\t<div class=\"elementor-element elementor-element-3a4de6b e-flex e-con-boxed e-con e-parent\" data-id=\"3a4de6b\" data-element_type=\"container\">\n\t\t\t\t\t<div class=\"e-con-inner\">\n\t\t<div class=\"elementor-element elementor-element-216514a e-con-full e-flex e-con e-child\" data-id=\"216514a\" data-element_type=\"container\">\n\t\t<div class=\"elementor-element elementor-element-ef5a89e e-con-full e-flex e-con e-child\" data-id=\"ef5a89e\" data-element_type=\"container\">\n\t\t\t\t<div class=\"elementor-element elementor-element-d826d82 elementor-widget__width-initial elementor-widget-mobile__width-inherit elementor-widget elementor-widget-heading\" data-id=\"d826d82\" data-element_type=\"widget\" data-widget_type=\"heading.default\">\n\t\t\t\t\t<h2 class=\"elementor-heading-title elementor-size-default\">Como Funciona A De Busca De Im\u00f3veis<\/h2>\t\t\t\t<\/div>\n\t\t\t\t<\/div>\n\t\t<div class=\"elementor-element elementor-element-dca8a83 e-con-full e-flex e-con e-child\" data-id=\"dca8a83\" data-element_type=\"container\">\n\t\t\t\t<div class=\"elementor-element elementor-element-471b110 elementor-widget elementor-widget-text-editor\" data-id=\"471b110\" data-element_type=\"widget\" data-widget_type=\"text-editor.default\">\n\t\t\t\t\t\t\t\t\t<p>Esta ferramenta de busca conecta-se diretamente ao sistema MLS local,<br \/>oferecendo acesso em tempo real a im\u00f3veis dispon\u00edveis em toda a regi\u00e3o da Fl\u00f3rida Central. Voc\u00ea pode explorar as listagens por cidade, faixa de pre\u00e7o, tipo de propriedade ou pelas caracter\u00edsticas que mais importam para voc\u00ea.<\/p>\t\t\t\t\t\t\t\t<\/div>\n\t\t\t\t<div class=\"elementor-element elementor-element-92bb601 elementor-widget elementor-widget-text-editor\" data-id=\"92bb601\" data-element_type=\"widget\" data-widget_type=\"text-editor.default\">\n\t\t\t\t\t\t\t\t\t<p>O objetivo \u00e9 tornar sua pesquisa simples e intuitiva, ajudando voc\u00ea a entender o que est\u00e1 no mercado e o que combina com a sua vis\u00e3o e<br \/>or\u00e7amento. Voc\u00ea pode marcar im\u00f3veis como favoritos, compartilh\u00e1-los ou solicitar mais informa\u00e7\u00f5es com facilidade.<\/p>\t\t\t\t\t\t\t\t<\/div>\n\t\t\t\t<div class=\"elementor-element elementor-element-ed10967 elementor-widget elementor-widget-text-editor\" data-id=\"ed10967\" data-element_type=\"widget\" data-widget_type=\"text-editor.default\">\n\t\t\t\t\t\t\t\t\t<p>Quando estiver pronto, a Ane Rodrigues estar\u00e1 ao seu lado para agendar visitas \u00e0s propriedades, oferecer insights locais e gui\u00e1-lo em cada etapa do processo de compra.<\/p>\t\t\t\t\t\t\t\t<\/div>\n\t\t\t\t<\/div>\n\t\t\t\t<\/div>\n\t\t<div class=\"elementor-element elementor-element-da25e14 e-con-full e-flex e-con e-child\" data-id=\"da25e14\" data-element_type=\"container\" data-settings=\"{&quot;background_background&quot;:&quot;classic&quot;}\">\n\t\t\t\t<div class=\"elementor-element elementor-element-0fcd907 elementor-widget elementor-widget-spacer\" data-id=\"0fcd907\" data-element_type=\"widget\" data-widget_type=\"spacer.default\">\n\t\t\t\t\t\t\t<div class=\"elementor-spacer\">\n\t\t\t<div class=\"elementor-spacer-inner\"><\/div>\n\t\t<\/div>\n\t\t\t\t\t\t<\/div>\n\t\t\t\t<\/div>\n\t\t\t\t\t<\/div>\n\t\t\t\t<\/div>\n\t\t<div class=\"elementor-element elementor-element-c5b6aa9 e-con-full e-flex e-con e-parent\" data-id=\"c5b6aa9\" data-element_type=\"container\" data-settings=\"{&quot;background_background&quot;:&quot;classic&quot;}\">\n\t\t<div class=\"elementor-element elementor-element-1435d4a e-con-full e-flex e-con e-child\" data-id=\"1435d4a\" data-element_type=\"container\" data-settings=\"{&quot;background_background&quot;:&quot;classic&quot;}\">\n\t\t<div class=\"elementor-element elementor-element-757f714 e-con-full e-flex e-con e-child\" data-id=\"757f714\" data-element_type=\"container\" data-settings=\"{&quot;animation&quot;:&quot;none&quot;,&quot;animation_delay&quot;:0.3}\">\n\t\t\t\t<div class=\"elementor-element elementor-element-67839a0 elementor-widget elementor-widget-image\" data-id=\"67839a0\" data-element_type=\"widget\" data-widget_type=\"image.default\">\n\t\t\t\t\t\t\t\t\t\t\t\t\t\t\t<img fetchpriority=\"high\" decoding=\"async\" width=\"2048\" height=\"1542\" src=\"https:\/\/anerodrigues.com\/pt\/wp-content\/smush-webp\/2026\/02\/Home-Search-page_4_small.jpg.webp\" class=\"attachment-full size-full wp-image-4209\" alt=\"\" srcset=\"https:\/\/anerodrigues.com\/pt\/wp-content\/smush-webp\/2026\/02\/Home-Search-page_4_small.jpg.webp 2048w, https:\/\/anerodrigues.com\/pt\/wp-content\/smush-webp\/2026\/02\/Home-Search-page_4_small-300x226.jpg.webp 300w, https:\/\/anerodrigues.com\/pt\/wp-content\/smush-webp\/2026\/02\/Home-Search-page_4_small-1024x771.jpg.webp 1024w, https:\/\/anerodrigues.com\/pt\/wp-content\/smush-webp\/2026\/02\/Home-Search-page_4_small-768x578.jpg.webp 768w, https:\/\/anerodrigues.com\/pt\/wp-content\/smush-webp\/2026\/02\/Home-Search-page_4_small-1536x1157.jpg.webp 1536w, https:\/\/anerodrigues.com\/pt\/wp-content\/smush-webp\/2026\/02\/Home-Search-page_4_small-1060x798.jpg.webp 1060w, https:\/\/anerodrigues.com\/pt\/wp-content\/smush-webp\/2026\/02\/Home-Search-page_4_small-1320x994.jpg.webp 1320w\" sizes=\"(max-width: 2048px) 100vw, 2048px\" data-smush-webp-fallback=\"{&quot;src&quot;:&quot;https:\\\/\\\/anerodrigues.com\\\/pt\\\/wp-content\\\/uploads\\\/2026\\\/02\\\/Home-Search-page_4_small.jpg&quot;,&quot;srcset&quot;:&quot;https:\\\/\\\/anerodrigues.com\\\/pt\\\/wp-content\\\/uploads\\\/2026\\\/02\\\/Home-Search-page_4_small.jpg 2048w, https:\\\/\\\/anerodrigues.com\\\/pt\\\/wp-content\\\/uploads\\\/2026\\\/02\\\/Home-Search-page_4_small-300x226.jpg 300w, https:\\\/\\\/anerodrigues.com\\\/pt\\\/wp-content\\\/uploads\\\/2026\\\/02\\\/Home-Search-page_4_small-1024x771.jpg 1024w, https:\\\/\\\/anerodrigues.com\\\/pt\\\/wp-content\\\/uploads\\\/2026\\\/02\\\/Home-Search-page_4_small-768x578.jpg 768w, https:\\\/\\\/anerodrigues.com\\\/pt\\\/wp-content\\\/uploads\\\/2026\\\/02\\\/Home-Search-page_4_small-1536x1157.jpg 1536w, https:\\\/\\\/anerodrigues.com\\\/pt\\\/wp-content\\\/uploads\\\/2026\\\/02\\\/Home-Search-page_4_small-1060x798.jpg 1060w, https:\\\/\\\/anerodrigues.com\\\/pt\\\/wp-content\\\/uploads\\\/2026\\\/02\\\/Home-Search-page_4_small-1320x994.jpg 1320w&quot;}\" \/>\t\t\t\t\t\t\t\t\t\t\t\t\t\t\t<\/div>\n\t\t\t\t<\/div>\n\t\t<div class=\"elementor-element elementor-element-a8e3317 e-con-full e-flex e-con e-child\" data-id=\"a8e3317\" data-element_type=\"container\" data-settings=\"{&quot;animation&quot;:&quot;none&quot;,&quot;animation_delay&quot;:0.3,&quot;background_background&quot;:&quot;classic&quot;}\">\n\t\t\t\t<div class=\"elementor-element elementor-element-d5408e3 elementor-widget elementor-widget-heading\" data-id=\"d5408e3\" data-element_type=\"widget\" data-widget_type=\"heading.default\">\n\t\t\t\t\t<h2 class=\"elementor-heading-title elementor-size-default\">Ane Rodrigues<\/h2>\t\t\t\t<\/div>\n\t\t\t\t<div class=\"elementor-element elementor-element-1151a8d elementor-widget elementor-widget-text-editor\" data-id=\"1151a8d\" data-element_type=\"widget\" data-widget_type=\"text-editor.default\">\n\t\t\t\t\t\t\t\t\t<p><br>Pesquisar online permite que voc\u00ea explore bairros, compare im\u00f3veis e<br>compreenda as tend\u00eancias de pre\u00e7o no seu pr\u00f3prio ritmo. Conhecimento<br>gera confian\u00e7a, e confian\u00e7a leva a decis\u00f5es melhores.<\/p>\t\t\t\t\t\t\t\t<\/div>\n\t\t\t\t<div class=\"elementor-element elementor-element-c623e20 elementor-widget elementor-widget-text-editor\" data-id=\"c623e20\" data-element_type=\"widget\" data-widget_type=\"text-editor.default\">\n\t\t\t\t\t\t\t\t\tAo combinar essas ferramentas digitais com a sua intui\u00e7\u00e3o e a minha\nexperi\u00eancia, conseguimos unir praticidade ao olhar humano que nenhuma\ntecnologia oferece sozinha.\n\t\t\t\t\t\t\t\t<\/div>\n\t\t\t\t<div class=\"elementor-element elementor-element-328f47c elementor-widget elementor-widget-text-editor\" data-id=\"328f47c\" data-element_type=\"widget\" data-widget_type=\"text-editor.default\">\n\t\t\t\t\t\t\t\t\t<p>Fique tranquilo: a casa certa est\u00e1 esperando por voc\u00ea, e eu vou gui\u00e1-lo at\u00e9 ela.<\/p>\t\t\t\t\t\t\t\t<\/div>\n\t\t\t\t<\/div>\n\t\t\t\t<\/div>\n\t\t\t\t<\/div>\n\t\t<div class=\"elementor-element elementor-element-29c76d9 e-flex e-con-boxed e-con e-parent\" data-id=\"29c76d9\" data-element_type=\"container\">\n\t\t\t\t\t<div class=\"e-con-inner\">\n\t\t<div class=\"elementor-element elementor-element-1d67c3c e-flex e-con-boxed e-con e-child\" data-id=\"1d67c3c\" data-element_type=\"container\" data-settings=\"{&quot;background_background&quot;:&quot;classic&quot;}\">\n\t\t\t\t\t<div class=\"e-con-inner\">\n\t\t<div class=\"elementor-element elementor-element-df4e47d e-con-full e-flex e-con e-child\" data-id=\"df4e47d\" data-element_type=\"container\">\n\t\t\t\t<div class=\"elementor-element elementor-element-061cd18 elementor-widget elementor-widget-heading\" data-id=\"061cd18\" data-element_type=\"widget\" data-widget_type=\"heading.default\">\n\t\t\t\t\t<h2 class=\"elementor-heading-title elementor-size-default\">Tem Uma Pergunta?<\/h2>\t\t\t\t<\/div>\n\t\t\t\t<div class=\"elementor-element elementor-element-e3855a7 elementor-widget elementor-widget-text-editor\" data-id=\"e3855a7\" data-element_type=\"widget\" data-widget_type=\"text-editor.default\">\n\t\t\t\t\t\t\t\t\tReceba assist\u00eancia especializada\t\t\t\t\t\t\t\t<\/div>\n\t\t\t\t<\/div>\n\t\t<div class=\"elementor-element elementor-element-e389040 e-con-full e-flex e-con e-child\" data-id=\"e389040\" data-element_type=\"container\">\n\t\t\t\t<div class=\"elementor-element elementor-element-4899729 elementor-mobile-align-center elementor-widget elementor-widget-button\" data-id=\"4899729\" data-element_type=\"widget\" data-widget_type=\"button.default\">\n\t\t\t\t\t\t\t\t\t\t<a class=\"elementor-button elementor-button-link elementor-size-sm elementor-animation-float\" href=\"https:\/\/anerodrigues.com\/pt\/blog-contact\/#contact11\">\n\t\t\t\t\t\t<span class=\"elementor-button-content-wrapper\">\n\t\t\t\t\t\t\t\t\t<span class=\"elementor-button-text\">CONTATO<\/span>\n\t\t\t\t\t<\/span>\n\t\t\t\t\t<\/a>\n\t\t\t\t\t\t\t\t<\/div>\n\t\t\t\t<\/div>\n\t\t\t\t\t<\/div>\n\t\t\t\t<\/div>\n\t\t\t\t\t<\/div>\n\t\t\t\t<\/div>\n\t\t<div class=\"elementor-element elementor-element-ab152bd lxp e-con-full e-flex e-con e-parent\" data-id=\"ab152bd\" data-element_type=\"container\" data-settings=\"{&quot;background_background&quot;:&quot;classic&quot;}\">\n\t\t\t\t<div class=\"elementor-element elementor-element-1ce5af7 elementor-widget elementor-widget-heading\" data-id=\"1ce5af7\" data-element_type=\"widget\" data-widget_type=\"heading.default\">\n\t\t\t\t\t<h2 class=\"elementor-heading-title elementor-size-default\">Encontre A Casa Perfeita<\/h2>\t\t\t\t<\/div>\n\t\t\t\t<div class=\"elementor-element elementor-element-3f0c865 elementor-widget__width-inherit elementor-widget elementor-widget-html\" data-id=\"3f0c865\" data-element_type=\"widget\" data-widget_type=\"html.default\">\n\t\t\t\t\t<iframe data-src=\"https:\/\/anerodrigues.idxbroker.com\/idx\/map\/mapsearch\" height=\"800\" src=\"data:image\/svg+xml;base64,PHN2ZyB3aWR0aD0iMSIgaGVpZ2h0PSIxIiB4bWxucz0iaHR0cDovL3d3dy53My5vcmcvMjAwMC9zdmciPjwvc3ZnPg==\" class=\"lazyload\" data-load-mode=\"1\"><\/iframe>\t\t\t\t<\/div>\n\t\t\t\t<div class=\"elementor-element elementor-element-6df312d elementor-widget elementor-widget-text-editor\" data-id=\"6df312d\" data-element_type=\"widget\" data-widget_type=\"text-editor.default\">\n\t\t\t\t\t\t\t\t\t\r\n<div id=\"idxStart\"><\/div>\r\n<div id=\"idxStop\"><\/div>\r\n\t\t\t\t\t\t\t\t<\/div>\n\t\t\t\t<\/div>\n\t\t<div class=\"elementor-element elementor-element-d22cce4 e-flex e-con-boxed e-con e-parent\" data-id=\"d22cce4\" data-element_type=\"container\">\n\t\t\t\t\t<div class=\"e-con-inner\">\n\t\t<div class=\"elementor-element elementor-element-fb767f4 e-flex e-con-boxed e-con e-child\" data-id=\"fb767f4\" data-element_type=\"container\" data-settings=\"{&quot;background_background&quot;:&quot;classic&quot;}\">\n\t\t\t\t\t<div class=\"e-con-inner\">\n\t\t<div class=\"elementor-element elementor-element-fcb4c9a e-con-full e-flex e-con e-child\" data-id=\"fcb4c9a\" data-element_type=\"container\">\n\t\t\t\t<div class=\"elementor-element elementor-element-b31ecd6 elementor-widget elementor-widget-heading\" data-id=\"b31ecd6\" data-element_type=\"widget\" data-widget_type=\"heading.default\">\n\t\t\t\t\t<h2 class=\"elementor-heading-title elementor-size-default\">Construtoras<\/h2>\t\t\t\t<\/div>\n\t\t\t\t<div class=\"elementor-element elementor-element-42f7e01 elementor-widget elementor-widget-text-editor\" data-id=\"42f7e01\" data-element_type=\"widget\" data-widget_type=\"text-editor.default\">\n\t\t\t\t\t\t\t\t\tPensando em comprar uma casa novinha?\t\t\t\t\t\t\t\t<\/div>\n\t\t\t\t<\/div>\n\t\t<div class=\"elementor-element elementor-element-65c7b72 e-con-full e-flex e-con e-child\" data-id=\"65c7b72\" data-element_type=\"container\">\n\t\t\t\t<div class=\"elementor-element elementor-element-d587048 elementor-widget elementor-widget-button\" data-id=\"d587048\" data-element_type=\"widget\" data-widget_type=\"button.default\">\n\t\t\t\t\t\t\t\t\t\t<a class=\"elementor-button elementor-button-link elementor-size-sm elementor-animation-float\" href=\"https:\/\/anerodrigues.com\/pt\/builders\/\">\n\t\t\t\t\t\t<span class=\"elementor-button-content-wrapper\">\n\t\t\t\t\t\t\t\t\t<span class=\"elementor-button-text\">SAIBA MAIS<\/span>\n\t\t\t\t\t<\/span>\n\t\t\t\t\t<\/a>\n\t\t\t\t\t\t\t\t<\/div>\n\t\t\t\t<\/div>\n\t\t\t\t\t<\/div>\n\t\t\t\t<\/div>\n\t\t\t\t\t<\/div>\n\t\t\t\t<\/div>\n\t\t<div class=\"elementor-element elementor-element-e5b5064 e-flex e-con-boxed e-con e-parent\" data-id=\"e5b5064\" data-element_type=\"container\" data-settings=\"{&quot;background_background&quot;:&quot;classic&quot;}\">\n\t\t\t\t\t<div class=\"e-con-inner\">\n\t\t<div class=\"elementor-element elementor-element-531937f e-con-full e-flex e-con e-child\" data-id=\"531937f\" data-element_type=\"container\" data-settings=\"{&quot;background_background&quot;:&quot;classic&quot;}\">\n\t\t<div class=\"elementor-element elementor-element-be25d41 e-con-full e-flex e-con e-child\" data-id=\"be25d41\" data-element_type=\"container\" data-settings=\"{&quot;background_background&quot;:&quot;classic&quot;}\">\n\t\t\t\t<div class=\"elementor-element elementor-element-981022e elementor-widget elementor-widget-heading\" data-id=\"981022e\" data-element_type=\"widget\" data-widget_type=\"heading.default\">\n\t\t\t\t\t<h2 class=\"elementor-heading-title elementor-size-default\">Notas &amp; Limita\u00e7\u00f5es<\/h2>\t\t\t\t<\/div>\n\t\t\t\t<div class=\"elementor-element elementor-element-b2db192 elementor-widget elementor-widget-text-editor\" data-id=\"b2db192\" data-element_type=\"widget\" data-widget_type=\"text-editor.default\">\n\t\t\t\t\t\t\t\t\t<p>Esta ferramenta de busca exibe propriedades do banco de dados da\u00a0Stellar MLS e pode incluir listings de diversas imobili\u00e1rias. As informa\u00e7\u00f5es sobre os im\u00f3veis, incluindo pre\u00e7o e disponibilidade, s\u00e3o atualizadas regularmente, mas n\u00e3o h\u00e1 garantia de que estejam atualizadas no exato momento da visualiza\u00e7\u00e3o. Algumas listagens podem aparecer como pending ou contingent. As informa\u00e7\u00f5es apresentadas t\u00eam car\u00e1ter informativo e geral para o consumidor e podem n\u00e3o refletir a totalidade do mercado. Utilize esta ferramenta como ponto de partida na sua jornada de compra e n\u00e3o como substituto de uma orienta\u00e7\u00e3o profissional personalizada. A<span style=\"font-weight: inherit; font-style: inherit;\">\u00a0disponibilidade deve ser confirmada com a Ane.<\/span><\/p>\t\t\t\t\t\t\t\t<\/div>\n\t\t\t\t<div class=\"elementor-element elementor-element-00eba45 elementor-widget elementor-widget-text-editor\" data-id=\"00eba45\" data-element_type=\"widget\" data-widget_type=\"text-editor.default\">\n\t\t\t\t\t\t\t\t\t<p>Compromisso com Precis\u00e3o &amp; Transpar\u00eancia<\/p>\t\t\t\t\t\t\t\t<\/div>\n\t\t\t\t<div class=\"elementor-element elementor-element-675abfa elementor-widget elementor-widget-text-editor\" data-id=\"675abfa\" data-element_type=\"widget\" data-widget_type=\"text-editor.default\">\n\t\t\t\t\t\t\t\t\t<p>Os dados das propriedades s\u00e3o fornecidos por fontes terceirizadas do MLS e podem estar sujeitos a erros ou omiss\u00f5es. Ane Rodrigues e sua imobili\u00e1ria n\u00e3o assumem responsabilidade por discrep\u00e2ncias nas informa\u00e7\u00f5es ou por eventuais interrup\u00e7\u00f5es t\u00e9cnicas. O uso desta ferramenta n\u00e3o estabelece uma rela\u00e7\u00e3o de representa\u00e7\u00e3o at\u00e9 que um acordo formal seja assinado. Para obter as informa\u00e7\u00f5es mais precisas e atualizadas, entre em contato diretamente com a Ane Rodrigues.<\/p>\t\t\t\t\t\t\t\t<\/div>\n\t\t\t\t<\/div>\n\t\t\t\t<\/div>\n\t\t\t\t\t<\/div>\n\t\t\t\t<\/div>\n\t\t<div class=\"elementor-element elementor-element-2d59a6d e-flex e-con-boxed e-con e-parent\" data-id=\"2d59a6d\" data-element_type=\"container\">\n\t\t\t\t\t<div class=\"e-con-inner\">\n\t\t\t\t\t<\/div>\n\t\t\t\t<\/div>\n\t\t\t\t<\/div>\n\t\t","protected":false},"excerpt":{"rendered":"<p>Encontre im\u00f3veis do jeitinho que voc\u00ea sonhou Explore, compare, e deixe eu te guiar at\u00e9 o seu novo lar Como [&hellip;]<\/p>\n","protected":false},"author":2,"featured_media":0,"parent":0,"menu_order":0,"comment_status":"closed","ping_status":"closed","template":"","meta":{"_acf_changed":false,"site-sidebar-layout":"no-sidebar","site-content-layout":"","ast-site-content-layout":"full-width-container","site-content-style":"default","site-sidebar-style":"default","ast-global-header-display":"","ast-banner-title-visibility":"","ast-main-header-display":"","ast-hfb-above-header-display":"","ast-hfb-below-header-display":"","ast-hfb-mobile-header-display":"","site-post-title":"disabled","ast-breadcrumbs-content":"","ast-featured-img":"disabled","footer-sml-layout":"","theme-transparent-header-meta":"default","adv-header-id-meta":"","stick-header-meta":"","header-above-stick-meta":"","header-main-stick-meta":"","header-below-stick-meta":"","astra-migrate-meta-layouts":"set","ast-page-background-enabled":"default","ast-page-background-meta":{"desktop":{"background-color":"var(--ast-global-color-5)","background-image":"","background-repeat":"repeat","background-position":"center center","background-size":"auto","background-attachment":"scroll","background-type":"","background-media":"","overlay-type":"","overlay-color":"","overlay-opacity":"","overlay-gradient":""},"tablet":{"background-color":"","background-image":"","background-repeat":"repeat","background-position":"center center","background-size":"auto","background-attachment":"scroll","background-type":"","background-media":"","overlay-type":"","overlay-color":"","overlay-opacity":"","overlay-gradient":""},"mobile":{"background-color":"","background-image":"","background-repeat":"repeat","background-position":"center center","background-size":"auto","background-attachment":"scroll","background-type":"","background-media":"","overlay-type":"","overlay-color":"","overlay-opacity":"","overlay-gradient":""}},"ast-content-background-meta":{"desktop":{"background-color":"var(--ast-global-color-4)","background-image":"","background-repeat":"repeat","background-position":"center center","background-size":"auto","background-attachment":"scroll","background-type":"","background-media":"","overlay-type":"","overlay-color":"","overlay-opacity":"","overlay-gradient":""},"tablet":{"background-color":"var(--ast-global-color-4)","background-image":"","background-repeat":"repeat","background-position":"center center","background-size":"auto","background-attachment":"scroll","background-type":"","background-media":"","overlay-type":"","overlay-color":"","overlay-opacity":"","overlay-gradient":""},"mobile":{"background-color":"var(--ast-global-color-4)","background-image":"","background-repeat":"repeat","background-position":"center center","background-size":"auto","background-attachment":"scroll","background-type":"","background-media":"","overlay-type":"","overlay-color":"","overlay-opacity":"","overlay-gradient":""}},"footnotes":""},"class_list":["post-1191","page","type-page","status-publish","hentry"],"acf":[],"_links":{"self":[{"href":"https:\/\/anerodrigues.com\/pt\/wp-json\/wp\/v2\/pages\/1191","targetHints":{"allow":["GET"]}}],"collection":[{"href":"https:\/\/anerodrigues.com\/pt\/wp-json\/wp\/v2\/pages"}],"about":[{"href":"https:\/\/anerodrigues.com\/pt\/wp-json\/wp\/v2\/types\/page"}],"author":[{"embeddable":true,"href":"https:\/\/anerodrigues.com\/pt\/wp-json\/wp\/v2\/users\/2"}],"replies":[{"embeddable":true,"href":"https:\/\/anerodrigues.com\/pt\/wp-json\/wp\/v2\/comments?post=1191"}],"version-history":[{"count":164,"href":"https:\/\/anerodrigues.com\/pt\/wp-json\/wp\/v2\/pages\/1191\/revisions"}],"predecessor-version":[{"id":4661,"href":"https:\/\/anerodrigues.com\/pt\/wp-json\/wp\/v2\/pages\/1191\/revisions\/4661"}],"wp:attachment":[{"href":"https:\/\/anerodrigues.com\/pt\/wp-json\/wp\/v2\/media?parent=1191"}],"curies":[{"name":"wp","href":"https:\/\/api.w.org\/{rel}","templated":true}]}}